{"id":555,"date":"2026-05-09T08:42:34","date_gmt":"2026-05-09T08:42:34","guid":{"rendered":"https:\/\/hasso-smash.de\/?post_type=product&#038;p=555"},"modified":"2026-05-09T08:42:35","modified_gmt":"2026-05-09T08:42:35","slug":"onion-smash-burger","status":"publish","type":"product","link":"https:\/\/hasso-smash.de\/?product=onion-smash-burger","title":{"rendered":"Onion Smash Burger"},"content":{"rendered":"<p>F\u00fcr Zwiebel-Liebhaber: 80 g Smash Patty, Chester K\u00e4se, frischer Eisbergsalat, Gew\u00fcrzgurken, karamellisierte Zwiebeln und knusprige R\u00f6stzwiebeln, kombiniert mit unserer Smash Burger Sauce. Alle Burger sind alternativ traditionell mit Ketchup und Mayo statt Smash Burger Sauce bestellbar.<\/p>\n","protected":false},"excerpt":{"rendered":"<p>F\u00fcr Zwiebel-Liebhaber: 80 g Smash Patty, Chester K\u00e4se, frischer Eisbergsalat, Gew\u00fcrzgurken, karamellisierte Zwiebeln und knusprige R\u00f6stzwiebeln, kombiniert mit unserer Smash Burger Sauce. Alle Burger sind alternativ traditionell mit Ketchup und Mayo statt Smash Burger Sauce bestellbar.<\/p>\n","protected":false},"featured_media":0,"comment_status":"open","ping_status":"closed","template":"","meta":[],"product_brand":[],"product_cat":[16],"product_tag":[24,25],"class_list":{"0":"post-555","1":"product","2":"type-product","3":"status-publish","5":"product_cat-smash-burger","6":"product_tag-burger","7":"product_tag-smash-burger","9":"first","10":"instock","11":"shipping-taxable","12":"purchasable","13":"product-type-variable","14":"has-default-attributes"},"_links":{"self":[{"href":"https:\/\/hasso-smash.de\/index.php?rest_route=\/wp\/v2\/product\/555","targetHints":{"allow":["GET"]}}],"collection":[{"href":"https:\/\/hasso-smash.de\/index.php?rest_route=\/wp\/v2\/product"}],"about":[{"href":"https:\/\/hasso-smash.de\/index.php?rest_route=\/wp\/v2\/types\/product"}],"replies":[{"embeddable":true,"href":"https:\/\/hasso-smash.de\/index.php?rest_route=%2Fwp%2Fv2%2Fcomments&post=555"}],"wp:attachment":[{"href":"https:\/\/hasso-smash.de\/index.php?rest_route=%2Fwp%2Fv2%2Fmedia&parent=555"}],"wp:term":[{"taxonomy":"product_brand","embeddable":true,"href":"https:\/\/hasso-smash.de\/index.php?rest_route=%2Fwp%2Fv2%2Fproduct_brand&post=555"},{"taxonomy":"product_cat","embeddable":true,"href":"https:\/\/hasso-smash.de\/index.php?rest_route=%2Fwp%2Fv2%2Fproduct_cat&post=555"},{"taxonomy":"product_tag","embeddable":true,"href":"https:\/\/hasso-smash.de\/index.php?rest_route=%2Fwp%2Fv2%2Fproduct_tag&post=555"}],"curies":[{"name":"wp","href":"https:\/\/api.w.org\/{rel}","templated":true}]}}