{"id":624,"date":"2026-05-09T08:42:38","date_gmt":"2026-05-09T08:42:38","guid":{"rendered":"https:\/\/hasso-smash.de\/?product=suesskartoffel-pommes"},"modified":"2026-05-09T08:42:38","modified_gmt":"2026-05-09T08:42:38","slug":"suesskartoffel-pommes","status":"publish","type":"product","link":"https:\/\/hasso-smash.de\/?product=suesskartoffel-pommes","title":{"rendered":"S\u00fc\u00dfkartoffel Pommes"},"content":{"rendered":"<p>Knusprige S\u00fc\u00dfkartoffel Pommes als Beilage.<\/p>\n","protected":false},"excerpt":{"rendered":"<p>Knusprige S\u00fc\u00dfkartoffel Pommes als Beilage.<\/p>\n","protected":false},"featured_media":0,"comment_status":"open","ping_status":"closed","template":"","meta":[],"product_brand":[],"product_cat":[20],"product_tag":[30],"class_list":{"0":"post-624","1":"product","2":"type-product","3":"status-publish","5":"product_cat-beilagen","6":"product_tag-beilage","8":"first","9":"instock","10":"shipping-taxable","11":"purchasable","12":"product-type-simple"},"_links":{"self":[{"href":"https:\/\/hasso-smash.de\/index.php?rest_route=\/wp\/v2\/product\/624","targetHints":{"allow":["GET"]}}],"collection":[{"href":"https:\/\/hasso-smash.de\/index.php?rest_route=\/wp\/v2\/product"}],"about":[{"href":"https:\/\/hasso-smash.de\/index.php?rest_route=\/wp\/v2\/types\/product"}],"replies":[{"embeddable":true,"href":"https:\/\/hasso-smash.de\/index.php?rest_route=%2Fwp%2Fv2%2Fcomments&post=624"}],"wp:attachment":[{"href":"https:\/\/hasso-smash.de\/index.php?rest_route=%2Fwp%2Fv2%2Fmedia&parent=624"}],"wp:term":[{"taxonomy":"product_brand","embeddable":true,"href":"https:\/\/hasso-smash.de\/index.php?rest_route=%2Fwp%2Fv2%2Fproduct_brand&post=624"},{"taxonomy":"product_cat","embeddable":true,"href":"https:\/\/hasso-smash.de\/index.php?rest_route=%2Fwp%2Fv2%2Fproduct_cat&post=624"},{"taxonomy":"product_tag","embeddable":true,"href":"https:\/\/hasso-smash.de\/index.php?rest_route=%2Fwp%2Fv2%2Fproduct_tag&post=624"}],"curies":[{"name":"wp","href":"https:\/\/api.w.org\/{rel}","templated":true}]}}